{"id":123,"date":"2021-06-02T14:16:12","date_gmt":"2021-06-02T12:16:12","guid":{"rendered":"https:\/\/www.actioncreativinvestissement.fr\/?page_id=123"},"modified":"2021-06-02T16:05:54","modified_gmt":"2021-06-02T14:05:54","slug":"projets","status":"publish","type":"page","link":"https:\/\/www.actioncreativinvestissement.fr\/index.php\/projets\/","title":{"rendered":"PROJETS"},"content":{"rendered":"\t\t<div data-elementor-type=\"wp-page\" data-elementor-id=\"123\" class=\"elementor elementor-123\" data-elementor-settings=\"[]\">\n\t\t\t\t\t\t\t<div class=\"elementor-section-wrap\">\n\t\t\t\t\t\t\t<section class=\"elementor-section elementor-top-section elementor-element elementor-element-bf9fcfb elementor-section-boxed elementor-section-height-default elementor-section-height-default elementor-invisible\" data-id=\"bf9fcfb\" data-element_type=\"section\" data-settings=\"{&quot;animation&quot;:&quot;fadeIn&quot;}\">\n\t\t\t\t\t\t<div class=\"elementor-container elementor-column-gap-default\">\n\t\t\t\t\t<div class=\"elementor-column elementor-col-100 elementor-top-column elementor-element elementor-element-701e463\" data-id=\"701e463\" data-element_type=\"column\">\n\t\t\t<div class=\"elementor-widget-wrap elementor-element-populated\">\n\t\t\t\t\t\t\t\t<div class=\"elementor-element elementor-element-bcfaa36 elementor-widget-divider--view-line elementor-widget elementor-widget-divider\" data-id=\"bcfaa36\" data-element_type=\"widget\" data-widget_type=\"divider.default\">\n\t\t\t\t<div class=\"elementor-widget-container\">\n\t\t\t\t\t<div class=\"elementor-divider\">\n\t\t\t<span class=\"elementor-divider-separator\">\n\t\t\t\t\t\t<\/span>\n\t\t<\/div>\n\t\t\t\t<\/div>\n\t\t\t\t<\/div>\n\t\t\t\t\t<\/div>\n\t\t<\/div>\n\t\t\t\t\t\t\t<\/div>\n\t\t<\/section>\n\t\t\t\t<section class=\"elementor-section elementor-top-section elementor-element elementor-element-39b3422 elementor-section-boxed elementor-section-height-default elementor-section-height-default elementor-invisible\" data-id=\"39b3422\" data-element_type=\"section\" data-settings=\"{&quot;background_background&quot;:&quot;classic&quot;,&quot;animation&quot;:&quot;fadeInLeft&quot;}\">\n\t\t\t\t\t\t\t<div class=\"elementor-background-overlay\"><\/div>\n\t\t\t\t\t\t\t<div class=\"elementor-container elementor-column-gap-default\">\n\t\t\t\t\t<div class=\"elementor-column elementor-col-50 elementor-top-column elementor-element elementor-element-63f05fd\" data-id=\"63f05fd\" data-element_type=\"column\">\n\t\t\t<div class=\"elementor-widget-wrap elementor-element-populated\">\n\t\t\t\t\t\t\t\t<div class=\"elementor-element elementor-element-4e80889 elementor-hidden-phone elementor-widget elementor-widget-image\" data-id=\"4e80889\" data-element_type=\"widget\" data-widget_type=\"image.default\">\n\t\t\t\t<div class=\"elementor-widget-container\">\n\t\t\t\t\t\t\t\t\t\t\t\t\t\t\t<img width=\"1024\" height=\"768\" src=\"https:\/\/www.actioncreativinvestissement.fr\/wp-content\/uploads\/2021\/06\/aci_homepage.png\" class=\"attachment-large size-large\" alt=\"\" loading=\"lazy\" srcset=\"https:\/\/www.actioncreativinvestissement.fr\/wp-content\/uploads\/2021\/06\/aci_homepage.png 1024w, https:\/\/www.actioncreativinvestissement.fr\/wp-content\/uploads\/2021\/06\/aci_homepage-300x225.png 300w, https:\/\/www.actioncreativinvestissement.fr\/wp-content\/uploads\/2021\/06\/aci_homepage-768x576.png 768w\" sizes=\"(max-width: 1024px) 100vw, 1024px\" \/>\t\t\t\t\t\t\t\t\t\t\t\t\t\t\t<\/div>\n\t\t\t\t<\/div>\n\t\t\t\t\t<\/div>\n\t\t<\/div>\n\t\t\t\t<div class=\"elementor-column elementor-col-50 elementor-top-column elementor-element elementor-element-6741ca7\" data-id=\"6741ca7\" data-element_type=\"column\">\n\t\t\t<div class=\"elementor-widget-wrap elementor-element-populated\">\n\t\t\t\t\t\t\t\t<div class=\"elementor-element elementor-element-6a20b27 elementor-widget elementor-widget-spacer\" data-id=\"6a20b27\" data-element_type=\"widget\" data-widget_type=\"spacer.default\">\n\t\t\t\t<div class=\"elementor-widget-container\">\n\t\t\t\t\t<div class=\"elementor-spacer\">\n\t\t\t<div class=\"elementor-spacer-inner\"><\/div>\n\t\t<\/div>\n\t\t\t\t<\/div>\n\t\t\t\t<\/div>\n\t\t\t\t<div class=\"elementor-element elementor-element-08c7e18 elementor-widget elementor-widget-heading\" data-id=\"08c7e18\" data-element_type=\"widget\" data-widget_type=\"heading.default\">\n\t\t\t\t<div class=\"elementor-widget-container\">\n\t\t\t<h2 class=\"elementor-heading-title elementor-size-default\">ACI : \u00e0 l\u2019\u00e9coute de vos projets<\/h2>\t\t<\/div>\n\t\t\t\t<\/div>\n\t\t\t\t<div class=\"elementor-element elementor-element-9bc5cdc elementor-widget elementor-widget-text-editor\" data-id=\"9bc5cdc\" data-element_type=\"widget\" data-widget_type=\"text-editor.default\">\n\t\t\t\t<div class=\"elementor-widget-container\">\n\t\t\t\t\t\t\t\t<p>Nous sommes un groupe multi-entit\u00e9s pr\u00eat \u00e0 vous accompagner dans vos r\u00e9alisations et dans vos investissements. Nous avons la volont\u00e9 d&rsquo;agrandir le groupe avec l&rsquo;arriv\u00e9e de nouvelles filiales. Faites-nous part de vos projets !\u00a0<\/p>\t\t\t\t\t\t<\/div>\n\t\t\t\t<\/div>\n\t\t\t\t<div class=\"elementor-element elementor-element-eef0fb0 elementor-widget elementor-widget-button\" data-id=\"eef0fb0\" data-element_type=\"widget\" data-widget_type=\"button.default\">\n\t\t\t\t<div class=\"elementor-widget-container\">\n\t\t\t\t\t<div class=\"elementor-button-wrapper\">\n\t\t\t<a href=\"https:\/\/www.actioncreativinvestissement.fr\/index.php\/contact\/\" target=\"_blank\" class=\"elementor-button-link elementor-button elementor-size-sm\" role=\"button\">\n\t\t\t\t\t\t<span class=\"elementor-button-content-wrapper\">\n\t\t\t\t\t\t<span class=\"elementor-button-text\">CONTACTEZ-NOUS<\/span>\n\t\t<\/span>\n\t\t\t\t\t<\/a>\n\t\t<\/div>\n\t\t\t\t<\/div>\n\t\t\t\t<\/div>\n\t\t\t\t\t<\/div>\n\t\t<\/div>\n\t\t\t\t\t\t\t<\/div>\n\t\t<\/section>\n\t\t\t\t<section class=\"elementor-section elementor-top-section elementor-element elementor-element-b14a27e elementor-section-boxed elementor-section-height-default elementor-section-height-default\" data-id=\"b14a27e\" data-element_type=\"section\">\n\t\t\t\t\t\t<div class=\"elementor-container elementor-column-gap-default\">\n\t\t\t\t\t<div class=\"elementor-column elementor-col-100 elementor-top-column elementor-element elementor-element-70666ad\" data-id=\"70666ad\" data-element_type=\"column\">\n\t\t\t<div class=\"elementor-widget-wrap elementor-element-populated\">\n\t\t\t\t\t\t\t\t<div class=\"elementor-element elementor-element-b0ed3e4 elementor-widget-divider--view-line elementor-widget elementor-widget-divider\" data-id=\"b0ed3e4\" data-element_type=\"widget\" data-widget_type=\"divider.default\">\n\t\t\t\t<div class=\"elementor-widget-container\">\n\t\t\t\t\t<div class=\"elementor-divider\">\n\t\t\t<span class=\"elementor-divider-separator\">\n\t\t\t\t\t\t<\/span>\n\t\t<\/div>\n\t\t\t\t<\/div>\n\t\t\t\t<\/div>\n\t\t\t\t\t<\/div>\n\t\t<\/div>\n\t\t\t\t\t\t\t<\/div>\n\t\t<\/section>\n\t\t\t\t<section class=\"elementor-section elementor-top-section elementor-element elementor-element-cbd9eff elementor-section-boxed elementor-section-height-default elementor-section-height-default\" data-id=\"cbd9eff\" data-element_type=\"section\">\n\t\t\t\t\t\t<div class=\"elementor-container elementor-column-gap-default\">\n\t\t\t\t\t<div class=\"elementor-column elementor-col-100 elementor-top-column elementor-element elementor-element-63c622f\" data-id=\"63c622f\" data-element_type=\"column\">\n\t\t\t<div class=\"elementor-widget-wrap elementor-element-populated\">\n\t\t\t\t\t\t\t\t<div class=\"elementor-element elementor-element-4d3735c elementor-widget elementor-widget-spacer\" data-id=\"4d3735c\" data-element_type=\"widget\" data-widget_type=\"spacer.default\">\n\t\t\t\t<div class=\"elementor-widget-container\">\n\t\t\t\t\t<div class=\"elementor-spacer\">\n\t\t\t<div class=\"elementor-spacer-inner\"><\/div>\n\t\t<\/div>\n\t\t\t\t<\/div>\n\t\t\t\t<\/div>\n\t\t\t\t\t<\/div>\n\t\t<\/div>\n\t\t\t\t\t\t\t<\/div>\n\t\t<\/section>\n\t\t\t\t\t\t<\/div>\n\t\t\t\t\t<\/div>\n\t\t","protected":false},"excerpt":{"rendered":"<p>ACI : \u00e0 l\u2019\u00e9coute de vos projets Nous sommes un groupe multi-entit\u00e9s pr\u00eat \u00e0 vous accompagner dans vos r\u00e9alisations et dans vos investissements. Nous avons la volont\u00e9 d&rsquo;agrandir le groupe avec l&rsquo;arriv\u00e9e de nouvelles filiales. Faites-nous part de vos projets !\u00a0 CONTACTEZ-NOUS<\/p>\n","protected":false},"author":1,"featured_media":0,"parent":0,"menu_order":0,"comment_status":"closed","ping_status":"closed","template":"","meta":[],"yoast_head":"<!-- This site is optimized with the Yoast SEO plugin v16.4 - https:\/\/yoast.com\/wordpress\/plugins\/seo\/ -->\n<title>PROJETS - ACI<\/title>\n<meta name=\"robots\" content=\"index, follow, max-snippet:-1, max-image-preview:large, max-video-preview:-1\" \/>\n<link rel=\"canonical\" href=\"https:\/\/www.actioncreativinvestissement.fr\/index.php\/projets\/\" \/>\n<meta property=\"og:locale\" content=\"fr_FR\" \/>\n<meta property=\"og:type\" content=\"article\" \/>\n<meta property=\"og:title\" content=\"PROJETS - ACI\" \/>\n<meta property=\"og:description\" content=\"ACI : \u00e0 l\u2019\u00e9coute de vos projets Nous sommes un groupe multi-entit\u00e9s pr\u00eat \u00e0 vous accompagner dans vos r\u00e9alisations et dans vos investissements. Nous avons la volont\u00e9 d&rsquo;agrandir le groupe avec l&rsquo;arriv\u00e9e de nouvelles filiales. Faites-nous part de vos projets !\u00a0 CONTACTEZ-NOUS\" \/>\n<meta property=\"og:url\" content=\"https:\/\/www.actioncreativinvestissement.fr\/index.php\/projets\/\" \/>\n<meta property=\"og:site_name\" content=\"ACI\" \/>\n<meta property=\"article:modified_time\" content=\"2021-06-02T14:05:54+00:00\" \/>\n<meta property=\"og:image\" content=\"https:\/\/www.actioncreativinvestissement.fr\/wp-content\/uploads\/2021\/06\/aci_homepage.png\" \/>\n<meta name=\"twitter:card\" content=\"summary_large_image\" \/>\n<script type=\"application\/ld+json\" class=\"yoast-schema-graph\">{\"@context\":\"https:\/\/schema.org\",\"@graph\":[{\"@type\":\"WebSite\",\"@id\":\"https:\/\/www.actioncreativinvestissement.fr\/#website\",\"url\":\"https:\/\/www.actioncreativinvestissement.fr\/\",\"name\":\"ACI\",\"description\":\"\",\"potentialAction\":[{\"@type\":\"SearchAction\",\"target\":\"https:\/\/www.actioncreativinvestissement.fr\/?s={search_term_string}\",\"query-input\":\"required name=search_term_string\"}],\"inLanguage\":\"fr-FR\"},{\"@type\":\"ImageObject\",\"@id\":\"https:\/\/www.actioncreativinvestissement.fr\/index.php\/projets\/#primaryimage\",\"inLanguage\":\"fr-FR\",\"url\":\"https:\/\/www.actioncreativinvestissement.fr\/wp-content\/uploads\/2021\/06\/aci_homepage.png\",\"contentUrl\":\"https:\/\/www.actioncreativinvestissement.fr\/wp-content\/uploads\/2021\/06\/aci_homepage.png\",\"width\":1024,\"height\":768},{\"@type\":\"WebPage\",\"@id\":\"https:\/\/www.actioncreativinvestissement.fr\/index.php\/projets\/#webpage\",\"url\":\"https:\/\/www.actioncreativinvestissement.fr\/index.php\/projets\/\",\"name\":\"PROJETS - ACI\",\"isPartOf\":{\"@id\":\"https:\/\/www.actioncreativinvestissement.fr\/#website\"},\"primaryImageOfPage\":{\"@id\":\"https:\/\/www.actioncreativinvestissement.fr\/index.php\/projets\/#primaryimage\"},\"datePublished\":\"2021-06-02T12:16:12+00:00\",\"dateModified\":\"2021-06-02T14:05:54+00:00\",\"breadcrumb\":{\"@id\":\"https:\/\/www.actioncreativinvestissement.fr\/index.php\/projets\/#breadcrumb\"},\"inLanguage\":\"fr-FR\",\"potentialAction\":[{\"@type\":\"ReadAction\",\"target\":[\"https:\/\/www.actioncreativinvestissement.fr\/index.php\/projets\/\"]}]},{\"@type\":\"BreadcrumbList\",\"@id\":\"https:\/\/www.actioncreativinvestissement.fr\/index.php\/projets\/#breadcrumb\",\"itemListElement\":[{\"@type\":\"ListItem\",\"position\":1,\"item\":{\"@type\":\"WebPage\",\"@id\":\"https:\/\/www.actioncreativinvestissement.fr\/\",\"url\":\"https:\/\/www.actioncreativinvestissement.fr\/\",\"name\":\"Accueil\"}},{\"@type\":\"ListItem\",\"position\":2,\"item\":{\"@id\":\"https:\/\/www.actioncreativinvestissement.fr\/index.php\/projets\/#webpage\"}}]}]}<\/script>\n<!-- \/ Yoast SEO plugin. -->","_links":{"self":[{"href":"https:\/\/www.actioncreativinvestissement.fr\/index.php\/wp-json\/wp\/v2\/pages\/123"}],"collection":[{"href":"https:\/\/www.actioncreativinvestissement.fr\/index.php\/wp-json\/wp\/v2\/pages"}],"about":[{"href":"https:\/\/www.actioncreativinvestissement.fr\/index.php\/wp-json\/wp\/v2\/types\/page"}],"author":[{"embeddable":true,"href":"https:\/\/www.actioncreativinvestissement.fr\/index.php\/wp-json\/wp\/v2\/users\/1"}],"replies":[{"embeddable":true,"href":"https:\/\/www.actioncreativinvestissement.fr\/index.php\/wp-json\/wp\/v2\/comments?post=123"}],"version-history":[{"count":13,"href":"https:\/\/www.actioncreativinvestissement.fr\/index.php\/wp-json\/wp\/v2\/pages\/123\/revisions"}],"predecessor-version":[{"id":175,"href":"https:\/\/www.actioncreativinvestissement.fr\/index.php\/wp-json\/wp\/v2\/pages\/123\/revisions\/175"}],"wp:attachment":[{"href":"https:\/\/www.actioncreativinvestissement.fr\/index.php\/wp-json\/wp\/v2\/media?parent=123"}],"curies":[{"name":"wp","href":"https:\/\/api.w.org\/{rel}","templated":true}]}}