{"id":5,"date":"2021-06-01T16:51:05","date_gmt":"2021-06-01T14:51:05","guid":{"rendered":"https:\/\/www.actioncreativinvestissement.fr\/index.php\/mesmerize\/"},"modified":"2021-06-04T10:02:49","modified_gmt":"2021-06-04T08:02:49","slug":"mesmerize","status":"publish","type":"page","link":"https:\/\/www.actioncreativinvestissement.fr\/","title":{"rendered":"ACCUEIL"},"content":{"rendered":"<div  data-label=\"Features\" data-id=\"features--1\" data-export-id=\"features-16\" data-category=\"features\" class=\"features-16 content-section content-section-spacing\" id=\"features-1\" style=\"background-color: rgb(255, 255, 255); background-image: none;\"><div  class=\"gridContainer\"> <div  class=\"row text-center\"><div  class=\"section-title-col\" data-type=\"column\"> <h2  class=\"\">Un groupe au service de ses filiales.<\/h2> <p  class=\"lead\">Actuellement, le groupe Action Creativ Investissement poss\u00e8de trois filiales intervenant dans les m\u00e9tiers de l\u2019audit, du conseil aux entreprises ainsi que dans la formation professionnelle continue.<\/p><\/div> <\/div> <div  class=\"row spaced-cols\" data-type=\"row\"> <div  class=\"col-xs-12 col-sm-6 col-md-4 space-bottom\"> <img  class=\"face\" src=\"https:\/\/www.actioncreativinvestissement.fr\/wp-content\/uploads\/2021\/06\/cropped-aci_upteamhomme-1.png\" title=\"cropped-aci_upteamhomme-1.png\" alt=\"\"> <div  data-type=\"column\" class=\"col-padding-small col-padding-small-xs description-container\">   <h4  class=\"\">Audit, conseil et formation<\/h4><\/div> <\/div> <div  class=\"col-xs-12 col-sm-6 col-md-4 space-bottom\"> <img  class=\"face\" src=\"https:\/\/www.actioncreativinvestissement.fr\/wp-content\/uploads\/2021\/06\/cropped-aci_securifor-1-1.png\" title=\"cropped-aci_securifor-1-1.png\" alt=\"\"> <div  data-type=\"column\" class=\"col-padding-small col-padding-small-xs description-container\">   <h4  class=\"\">Sant\u00e9 et s\u00e9curit\u00e9 au travail<\/h4><\/div> <\/div> <div  class=\"col-xs-12 col-sm-6 col-md-4 space-bottom\"> <img  class=\"face\" src=\"https:\/\/www.actioncreativinvestissement.fr\/wp-content\/uploads\/2021\/06\/cropped-aci_formapics-1-1.png\" title=\"cropped-aci_formapics-1-1.png\" alt=\"\"> <div  data-type=\"column\" class=\"col-padding-small col-padding-small-xs description-container\"><h4  class=\"\">Formation de formateur<\/h4>   <\/div> <\/div><\/div> <\/div><\/div><div  data-label=\"About\" data-id=\"about--2\" data-export-id=\"about-10\" data-category=\"about\" class=\"about-10 content-section content-section-spacing\" id=\"about-3\" style=\"background-color: rgb(255, 255, 255); background-image: none;\"><div  class=\"gridContainer\"> <div  class=\"row middle-sm text-center\"><div  class=\"col-sm-5 space-bottom-xs content-column content-left-sm\" data-type=\"column\"> <h5  class=\"\">INVESTIR AVEC NOUS.<\/h5> <h2  class=\"\">Un groupe \u00e0 l\u2019\u00e9coute de vos projets.<\/h2> <p  class=\"\">Rejoignez-nous ! Nous sommes un groupe multi-entit\u00e9s pr\u00eat \u00e0 vous accompagner dans vos r\u00e9alisations et dans vos investissements. Faites nous part de vos projets.<\/p> <a class=\"button color1\" href=\"https:\/\/www.actioncreativinvestissement.fr\/index.php\/contact\" target=\"_self\" data-cp-link=\"1\" rel=\"noopener noreferrer\">CONTACTEZ-NOUS<\/a><\/div> <div  class=\"col-sm-7 flexbox middle-xs center-xs space-bottom-xs\"><div  class=\"overlay-box middle-xs center-xs flexbox\"> <div  class=\"overlay-box-offset offset-border shadow-medium border-color1 hide-xs\"><\/div> <img  class=\"shadow-large\" data-size=\"485x705\" src=\"https:\/\/www.actioncreativinvestissement.fr\/wp-content\/uploads\/2021\/06\/cropped-aci_homepage.png\" title=\"cropped-aci_homepage.png\" alt=\"\"><\/div> <\/div><\/div> <\/div><\/div>","protected":false},"excerpt":{"rendered":"<p>Un groupe au service de ses filiales. Actuellement, le groupe Action Creativ Investissement poss\u00e8de trois filiales intervenant dans les m\u00e9tiers de l\u2019audit, du conseil aux entreprises ainsi que dans la formation professionnelle continue. Audit, conseil et formation Sant\u00e9 et s\u00e9curit\u00e9 au travail Formation de formateur INVESTIR AVEC NOUS. Un groupe \u00e0 l\u2019\u00e9coute de vos projets.&hellip; <br \/> <a class=\"read-more\" href=\"https:\/\/www.actioncreativinvestissement.fr\/\">Lire la suite<\/a><\/p>\n","protected":false},"author":1,"featured_media":0,"parent":0,"menu_order":0,"comment_status":"closed","ping_status":"closed","template":"page-templates\/homepage.php","meta":[],"yoast_head":"<!-- This site is optimized with the Yoast SEO plugin v16.4 - https:\/\/yoast.com\/wordpress\/plugins\/seo\/ -->\n<title>ACI - Action Creativ Investissement - Angers<\/title>\n<meta name=\"description\" content=\"Notre vocation : pr\u00e9venir, conseiller et accompagner la r\u00e9ussite de nos filiales. D\u00e9couvrez notre groupe et rejoignez-nous.\" \/>\n<meta name=\"robots\" content=\"index, follow, max-snippet:-1, max-image-preview:large, max-video-preview:-1\" \/>\n<link rel=\"canonical\" href=\"https:\/\/www.actioncreativinvestissement.fr\/\" \/>\n<meta property=\"og:locale\" content=\"fr_FR\" \/>\n<meta property=\"og:type\" content=\"article\" \/>\n<meta property=\"og:title\" content=\"ACI - Action Creativ Investissement - Angers\" \/>\n<meta property=\"og:description\" content=\"Notre vocation : pr\u00e9venir, conseiller et accompagner la r\u00e9ussite de nos filiales. D\u00e9couvrez notre groupe et rejoignez-nous.\" \/>\n<meta property=\"og:url\" content=\"https:\/\/www.actioncreativinvestissement.fr\/\" \/>\n<meta property=\"og:site_name\" content=\"ACI\" \/>\n<meta property=\"article:modified_time\" content=\"2021-06-04T08:02:49+00:00\" \/>\n<meta property=\"og:image\" content=\"https:\/\/www.actioncreativinvestissement.fr\/wp-content\/uploads\/2021\/06\/cropped-aci_upteamhomme-1.png\" \/>\n<meta name=\"twitter:card\" content=\"summary_large_image\" \/>\n<script type=\"application\/ld+json\" class=\"yoast-schema-graph\">{\"@context\":\"https:\/\/schema.org\",\"@graph\":[{\"@type\":\"WebSite\",\"@id\":\"https:\/\/www.actioncreativinvestissement.fr\/#website\",\"url\":\"https:\/\/www.actioncreativinvestissement.fr\/\",\"name\":\"ACI\",\"description\":\"\",\"potentialAction\":[{\"@type\":\"SearchAction\",\"target\":\"https:\/\/www.actioncreativinvestissement.fr\/?s={search_term_string}\",\"query-input\":\"required name=search_term_string\"}],\"inLanguage\":\"fr-FR\"},{\"@type\":\"ImageObject\",\"@id\":\"https:\/\/www.actioncreativinvestissement.fr\/#primaryimage\",\"inLanguage\":\"fr-FR\",\"url\":\"https:\/\/www.actioncreativinvestissement.fr\/wp-content\/uploads\/2021\/06\/cropped-aci_upteamhomme-1.png\",\"contentUrl\":\"https:\/\/www.actioncreativinvestissement.fr\/wp-content\/uploads\/2021\/06\/cropped-aci_upteamhomme-1.png\",\"width\":1024,\"height\":682},{\"@type\":\"WebPage\",\"@id\":\"https:\/\/www.actioncreativinvestissement.fr\/#webpage\",\"url\":\"https:\/\/www.actioncreativinvestissement.fr\/\",\"name\":\"ACI - Action Creativ Investissement - Angers\",\"isPartOf\":{\"@id\":\"https:\/\/www.actioncreativinvestissement.fr\/#website\"},\"primaryImageOfPage\":{\"@id\":\"https:\/\/www.actioncreativinvestissement.fr\/#primaryimage\"},\"datePublished\":\"2021-06-01T14:51:05+00:00\",\"dateModified\":\"2021-06-04T08:02:49+00:00\",\"description\":\"Notre vocation : pr\\u00e9venir, conseiller et accompagner la r\\u00e9ussite de nos filiales. D\\u00e9couvrez notre groupe et rejoignez-nous.\",\"breadcrumb\":{\"@id\":\"https:\/\/www.actioncreativinvestissement.fr\/#breadcrumb\"},\"inLanguage\":\"fr-FR\",\"potentialAction\":[{\"@type\":\"ReadAction\",\"target\":[\"https:\/\/www.actioncreativinvestissement.fr\/\"]}]},{\"@type\":\"BreadcrumbList\",\"@id\":\"https:\/\/www.actioncreativinvestissement.fr\/#breadcrumb\",\"itemListElement\":[{\"@type\":\"ListItem\",\"position\":1,\"item\":{\"@type\":\"WebPage\",\"@id\":\"https:\/\/www.actioncreativinvestissement.fr\/\",\"url\":\"https:\/\/www.actioncreativinvestissement.fr\/\",\"name\":\"Accueil\"}},{\"@type\":\"ListItem\",\"position\":2,\"item\":{\"@id\":\"https:\/\/www.actioncreativinvestissement.fr\/#webpage\"}}]}]}<\/script>\n<!-- \/ Yoast SEO plugin. -->","_links":{"self":[{"href":"https:\/\/www.actioncreativinvestissement.fr\/index.php\/wp-json\/wp\/v2\/pages\/5"}],"collection":[{"href":"https:\/\/www.actioncreativinvestissement.fr\/index.php\/wp-json\/wp\/v2\/pages"}],"about":[{"href":"https:\/\/www.actioncreativinvestissement.fr\/index.php\/wp-json\/wp\/v2\/types\/page"}],"author":[{"embeddable":true,"href":"https:\/\/www.actioncreativinvestissement.fr\/index.php\/wp-json\/wp\/v2\/users\/1"}],"replies":[{"embeddable":true,"href":"https:\/\/www.actioncreativinvestissement.fr\/index.php\/wp-json\/wp\/v2\/comments?post=5"}],"version-history":[{"count":10,"href":"https:\/\/www.actioncreativinvestissement.fr\/index.php\/wp-json\/wp\/v2\/pages\/5\/revisions"}],"predecessor-version":[{"id":203,"href":"https:\/\/www.actioncreativinvestissement.fr\/index.php\/wp-json\/wp\/v2\/pages\/5\/revisions\/203"}],"wp:attachment":[{"href":"https:\/\/www.actioncreativinvestissement.fr\/index.php\/wp-json\/wp\/v2\/media?parent=5"}],"curies":[{"name":"wp","href":"https:\/\/api.w.org\/{rel}","templated":true}]}}