{"id":57,"date":"2021-06-02T11:46:25","date_gmt":"2021-06-02T09:46:25","guid":{"rendered":"https:\/\/www.actioncreativinvestissement.fr\/?page_id=57"},"modified":"2021-06-02T14:37:24","modified_gmt":"2021-06-02T12:37:24","slug":"nos-filiales","status":"publish","type":"page","link":"https:\/\/www.actioncreativinvestissement.fr\/index.php\/nos-filiales\/","title":{"rendered":"NOS FILIALES"},"content":{"rendered":"\t\t<div data-elementor-type=\"wp-page\" data-elementor-id=\"57\" class=\"elementor elementor-57\" data-elementor-settings=\"[]\">\n\t\t\t\t\t\t\t<div class=\"elementor-section-wrap\">\n\t\t\t\t\t\t\t<section class=\"elementor-section elementor-top-section elementor-element elementor-element-bf9fcfb elementor-section-boxed elementor-section-height-default elementor-section-height-default\" data-id=\"bf9fcfb\" data-element_type=\"section\">\n\t\t\t\t\t\t<div class=\"elementor-container elementor-column-gap-default\">\n\t\t\t\t\t<div class=\"elementor-column elementor-col-100 elementor-top-column elementor-element elementor-element-701e463\" data-id=\"701e463\" data-element_type=\"column\">\n\t\t\t<div class=\"elementor-widget-wrap elementor-element-populated\">\n\t\t\t\t\t\t\t\t<div class=\"elementor-element elementor-element-bcfaa36 elementor-widget-divider--view-line elementor-widget elementor-widget-divider\" data-id=\"bcfaa36\" data-element_type=\"widget\" data-widget_type=\"divider.default\">\n\t\t\t\t<div class=\"elementor-widget-container\">\n\t\t\t\t\t<div class=\"elementor-divider\">\n\t\t\t<span class=\"elementor-divider-separator\">\n\t\t\t\t\t\t<\/span>\n\t\t<\/div>\n\t\t\t\t<\/div>\n\t\t\t\t<\/div>\n\t\t\t\t<div class=\"elementor-element elementor-element-08c7e18 elementor-widget elementor-widget-heading\" data-id=\"08c7e18\" data-element_type=\"widget\" data-widget_type=\"heading.default\">\n\t\t\t\t<div class=\"elementor-widget-container\">\n\t\t\t<h2 class=\"elementor-heading-title elementor-size-default\">ACI : un outil au service de ses filiales<\/h2>\t\t<\/div>\n\t\t\t\t<\/div>\n\t\t\t\t<div class=\"elementor-element elementor-element-9bc5cdc elementor-widget elementor-widget-text-editor\" data-id=\"9bc5cdc\" data-element_type=\"widget\" data-widget_type=\"text-editor.default\">\n\t\t\t\t<div class=\"elementor-widget-container\">\n\t\t\t\t\t\t\t\t<p>Actuellement, le groupe Action Creativ Investissement poss\u00e8de trois filiales intervenant dans les m\u00e9tiers de l\u2019audit, du conseil aux entreprises ainsi que dans la formation professionnelle continue. Nous avons pour vocation de nous diversifier en accueillant de nouvelles filiales au sein de notre groupe.<\/p>\t\t\t\t\t\t<\/div>\n\t\t\t\t<\/div>\n\t\t\t\t<div class=\"elementor-element elementor-element-b0ed3e4 elementor-widget-divider--view-line elementor-widget elementor-widget-divider\" data-id=\"b0ed3e4\" data-element_type=\"widget\" data-widget_type=\"divider.default\">\n\t\t\t\t<div class=\"elementor-widget-container\">\n\t\t\t\t\t<div class=\"elementor-divider\">\n\t\t\t<span class=\"elementor-divider-separator\">\n\t\t\t\t\t\t<\/span>\n\t\t<\/div>\n\t\t\t\t<\/div>\n\t\t\t\t<\/div>\n\t\t\t\t<div class=\"elementor-element elementor-element-d0d6111 elementor-widget elementor-widget-spacer\" data-id=\"d0d6111\" data-element_type=\"widget\" data-widget_type=\"spacer.default\">\n\t\t\t\t<div class=\"elementor-widget-container\">\n\t\t\t\t\t<div class=\"elementor-spacer\">\n\t\t\t<div class=\"elementor-spacer-inner\"><\/div>\n\t\t<\/div>\n\t\t\t\t<\/div>\n\t\t\t\t<\/div>\n\t\t\t\t\t<\/div>\n\t\t<\/div>\n\t\t\t\t\t\t\t<\/div>\n\t\t<\/section>\n\t\t\t\t<section class=\"elementor-section elementor-top-section elementor-element elementor-element-39b3422 elementor-section-boxed elementor-section-height-default elementor-section-height-default elementor-invisible\" data-id=\"39b3422\" data-element_type=\"section\" data-settings=\"{&quot;background_background&quot;:&quot;classic&quot;,&quot;animation&quot;:&quot;fadeInLeft&quot;}\">\n\t\t\t\t\t\t\t<div class=\"elementor-background-overlay\"><\/div>\n\t\t\t\t\t\t\t<div class=\"elementor-container elementor-column-gap-default\">\n\t\t\t\t\t<div class=\"elementor-column elementor-col-50 elementor-top-column elementor-element elementor-element-63f05fd\" data-id=\"63f05fd\" data-element_type=\"column\">\n\t\t\t<div class=\"elementor-widget-wrap elementor-element-populated\">\n\t\t\t\t\t\t\t\t<div class=\"elementor-element elementor-element-4e80889 elementor-hidden-phone elementor-widget elementor-widget-image\" data-id=\"4e80889\" data-element_type=\"widget\" data-widget_type=\"image.default\">\n\t\t\t\t<div class=\"elementor-widget-container\">\n\t\t\t\t\t\t\t\t\t\t\t\t\t\t\t<img width=\"1024\" height=\"768\" src=\"https:\/\/www.actioncreativinvestissement.fr\/wp-content\/uploads\/2021\/06\/aci_upteamhomme.png\" class=\"attachment-large size-large\" alt=\"\" loading=\"lazy\" srcset=\"https:\/\/www.actioncreativinvestissement.fr\/wp-content\/uploads\/2021\/06\/aci_upteamhomme.png 1024w, https:\/\/www.actioncreativinvestissement.fr\/wp-content\/uploads\/2021\/06\/aci_upteamhomme-300x225.png 300w, https:\/\/www.actioncreativinvestissement.fr\/wp-content\/uploads\/2021\/06\/aci_upteamhomme-768x576.png 768w\" sizes=\"(max-width: 1024px) 100vw, 1024px\" \/>\t\t\t\t\t\t\t\t\t\t\t\t\t\t\t<\/div>\n\t\t\t\t<\/div>\n\t\t\t\t<div class=\"elementor-element elementor-element-f894207 elementor-widget elementor-widget-spacer\" data-id=\"f894207\" data-element_type=\"widget\" data-widget_type=\"spacer.default\">\n\t\t\t\t<div class=\"elementor-widget-container\">\n\t\t\t\t\t<div class=\"elementor-spacer\">\n\t\t\t<div class=\"elementor-spacer-inner\"><\/div>\n\t\t<\/div>\n\t\t\t\t<\/div>\n\t\t\t\t<\/div>\n\t\t\t\t\t<\/div>\n\t\t<\/div>\n\t\t\t\t<div class=\"elementor-column elementor-col-50 elementor-top-column elementor-element elementor-element-6741ca7\" data-id=\"6741ca7\" data-element_type=\"column\">\n\t\t\t<div class=\"elementor-widget-wrap elementor-element-populated\">\n\t\t\t\t\t\t\t\t<div class=\"elementor-element elementor-element-de8dd5b elementor-widget elementor-widget-spacer\" data-id=\"de8dd5b\" data-element_type=\"widget\" data-widget_type=\"spacer.default\">\n\t\t\t\t<div class=\"elementor-widget-container\">\n\t\t\t\t\t<div class=\"elementor-spacer\">\n\t\t\t<div class=\"elementor-spacer-inner\"><\/div>\n\t\t<\/div>\n\t\t\t\t<\/div>\n\t\t\t\t<\/div>\n\t\t\t\t<div class=\"elementor-element elementor-element-844dbc8 elementor-widget elementor-widget-heading\" data-id=\"844dbc8\" data-element_type=\"widget\" data-widget_type=\"heading.default\">\n\t\t\t\t<div class=\"elementor-widget-container\">\n\t\t\t<h3 class=\"elementor-heading-title elementor-size-default\">Filiale historique<\/h3>\t\t<\/div>\n\t\t\t\t<\/div>\n\t\t\t\t<div class=\"elementor-element elementor-element-e8e2910 elementor-widget elementor-widget-text-editor\" data-id=\"e8e2910\" data-element_type=\"widget\" data-widget_type=\"text-editor.default\">\n\t\t\t\t<div class=\"elementor-widget-container\">\n\t\t\t\t\t\t\t\t<p>UP&rsquo;TEAMHOMME est un centre de formation sp\u00e9cialis\u00e9 dans les formations et prestations de conseils adapt\u00e9s autour du management et de la gestion. Il r\u00e9alise \u00e9galement des audits et accompagne les professionnels dans la maitrise de leurs performances.<\/p>\t\t\t\t\t\t<\/div>\n\t\t\t\t<\/div>\n\t\t\t\t<div class=\"elementor-element elementor-element-eef0fb0 elementor-widget elementor-widget-button\" data-id=\"eef0fb0\" data-element_type=\"widget\" data-widget_type=\"button.default\">\n\t\t\t\t<div class=\"elementor-widget-container\">\n\t\t\t\t\t<div class=\"elementor-button-wrapper\">\n\t\t\t<a href=\"https:\/\/upteamhomme.fr\/\" target=\"_blank\" class=\"elementor-button-link elementor-button elementor-size-sm\" role=\"button\">\n\t\t\t\t\t\t<span class=\"elementor-button-content-wrapper\">\n\t\t\t\t\t\t<span class=\"elementor-button-text\">En savoir plus<\/span>\n\t\t<\/span>\n\t\t\t\t\t<\/a>\n\t\t<\/div>\n\t\t\t\t<\/div>\n\t\t\t\t<\/div>\n\t\t\t\t\t<\/div>\n\t\t<\/div>\n\t\t\t\t\t\t\t<\/div>\n\t\t<\/section>\n\t\t\t\t<section class=\"elementor-section elementor-top-section elementor-element elementor-element-b14a27e elementor-section-boxed elementor-section-height-default elementor-section-height-default\" data-id=\"b14a27e\" data-element_type=\"section\">\n\t\t\t\t\t\t<div class=\"elementor-container elementor-column-gap-default\">\n\t\t\t\t\t<div class=\"elementor-column elementor-col-100 elementor-top-column elementor-element elementor-element-70666ad\" data-id=\"70666ad\" data-element_type=\"column\">\n\t\t\t<div class=\"elementor-widget-wrap elementor-element-populated\">\n\t\t\t\t\t\t\t\t<div class=\"elementor-element elementor-element-280851d elementor-widget-divider--view-line elementor-widget elementor-widget-divider\" data-id=\"280851d\" data-element_type=\"widget\" data-widget_type=\"divider.default\">\n\t\t\t\t<div class=\"elementor-widget-container\">\n\t\t\t\t\t<div class=\"elementor-divider\">\n\t\t\t<span class=\"elementor-divider-separator\">\n\t\t\t\t\t\t<\/span>\n\t\t<\/div>\n\t\t\t\t<\/div>\n\t\t\t\t<\/div>\n\t\t\t\t\t<\/div>\n\t\t<\/div>\n\t\t\t\t\t\t\t<\/div>\n\t\t<\/section>\n\t\t\t\t<section class=\"elementor-section elementor-top-section elementor-element elementor-element-e3ce22a elementor-section-boxed elementor-section-height-default elementor-section-height-default elementor-invisible\" data-id=\"e3ce22a\" data-element_type=\"section\" data-settings=\"{&quot;background_background&quot;:&quot;classic&quot;,&quot;animation&quot;:&quot;fadeInLeft&quot;}\">\n\t\t\t\t\t\t<div class=\"elementor-container elementor-column-gap-default\">\n\t\t\t\t\t<div class=\"elementor-column elementor-col-50 elementor-top-column elementor-element elementor-element-0b31649\" data-id=\"0b31649\" data-element_type=\"column\">\n\t\t\t<div class=\"elementor-widget-wrap elementor-element-populated\">\n\t\t\t\t\t\t\t\t<div class=\"elementor-element elementor-element-c355ddf elementor-widget elementor-widget-spacer\" data-id=\"c355ddf\" data-element_type=\"widget\" data-widget_type=\"spacer.default\">\n\t\t\t\t<div class=\"elementor-widget-container\">\n\t\t\t\t\t<div class=\"elementor-spacer\">\n\t\t\t<div class=\"elementor-spacer-inner\"><\/div>\n\t\t<\/div>\n\t\t\t\t<\/div>\n\t\t\t\t<\/div>\n\t\t\t\t<div class=\"elementor-element elementor-element-f5061ae elementor-widget elementor-widget-heading\" data-id=\"f5061ae\" data-element_type=\"widget\" data-widget_type=\"heading.default\">\n\t\t\t\t<div class=\"elementor-widget-container\">\n\t\t\t<h3 class=\"elementor-heading-title elementor-size-default\">Filiale sp\u00c9cialis\u00e9e sant\u00e9 &amp; s\u00e9curit\u00e9<\/h3>\t\t<\/div>\n\t\t\t\t<\/div>\n\t\t\t\t<div class=\"elementor-element elementor-element-c88e8d4 elementor-widget elementor-widget-text-editor\" data-id=\"c88e8d4\" data-element_type=\"widget\" data-widget_type=\"text-editor.default\">\n\t\t\t\t<div class=\"elementor-widget-container\">\n\t\t\t\t\t\t\t\t<p>SECURIFOR est un centre de formation sp\u00e9cialis\u00e9 dans la sant\u00e9 et s\u00e9curit\u00e9 au travail. Il propose diff\u00e9rents p\u00f4les de formations :\u00a0 incendie, secourisme et sant\u00e9, ergonomie et s\u00e9curit\u00e9.<br \/><br \/><\/p>\t\t\t\t\t\t<\/div>\n\t\t\t\t<\/div>\n\t\t\t\t<div class=\"elementor-element elementor-element-7e04e54 elementor-align-right elementor-mobile-align-center elementor-widget elementor-widget-button\" data-id=\"7e04e54\" data-element_type=\"widget\" data-widget_type=\"button.default\">\n\t\t\t\t<div class=\"elementor-widget-container\">\n\t\t\t\t\t<div class=\"elementor-button-wrapper\">\n\t\t\t<a href=\"https:\/\/securifor.fr\/\" target=\"_blank\" class=\"elementor-button-link elementor-button elementor-size-sm\" role=\"button\">\n\t\t\t\t\t\t<span class=\"elementor-button-content-wrapper\">\n\t\t\t\t\t\t<span class=\"elementor-button-text\">En savoir plus<\/span>\n\t\t<\/span>\n\t\t\t\t\t<\/a>\n\t\t<\/div>\n\t\t\t\t<\/div>\n\t\t\t\t<\/div>\n\t\t\t\t\t<\/div>\n\t\t<\/div>\n\t\t\t\t<div class=\"elementor-column elementor-col-50 elementor-top-column elementor-element elementor-element-4f85d14\" data-id=\"4f85d14\" data-element_type=\"column\">\n\t\t\t<div class=\"elementor-widget-wrap elementor-element-populated\">\n\t\t\t\t\t\t\t\t<div class=\"elementor-element elementor-element-7e89fe7 elementor-hidden-phone elementor-widget elementor-widget-image\" data-id=\"7e89fe7\" data-element_type=\"widget\" data-widget_type=\"image.default\">\n\t\t\t\t<div class=\"elementor-widget-container\">\n\t\t\t\t\t\t\t\t\t\t\t\t\t\t\t<img width=\"1024\" height=\"768\" src=\"https:\/\/www.actioncreativinvestissement.fr\/wp-content\/uploads\/2021\/06\/aci_securifor-1.png\" class=\"attachment-large size-large\" alt=\"\" loading=\"lazy\" srcset=\"https:\/\/www.actioncreativinvestissement.fr\/wp-content\/uploads\/2021\/06\/aci_securifor-1.png 1024w, https:\/\/www.actioncreativinvestissement.fr\/wp-content\/uploads\/2021\/06\/aci_securifor-1-300x225.png 300w, https:\/\/www.actioncreativinvestissement.fr\/wp-content\/uploads\/2021\/06\/aci_securifor-1-768x576.png 768w\" sizes=\"(max-width: 1024px) 100vw, 1024px\" \/>\t\t\t\t\t\t\t\t\t\t\t\t\t\t\t<\/div>\n\t\t\t\t<\/div>\n\t\t\t\t\t<\/div>\n\t\t<\/div>\n\t\t\t\t\t\t\t<\/div>\n\t\t<\/section>\n\t\t\t\t<section class=\"elementor-section elementor-top-section elementor-element elementor-element-02b680b elementor-section-boxed elementor-section-height-default elementor-section-height-default\" data-id=\"02b680b\" data-element_type=\"section\">\n\t\t\t\t\t\t<div class=\"elementor-container elementor-column-gap-default\">\n\t\t\t\t\t<div class=\"elementor-column elementor-col-100 elementor-top-column elementor-element elementor-element-cdcf31c\" data-id=\"cdcf31c\" data-element_type=\"column\">\n\t\t\t<div class=\"elementor-widget-wrap elementor-element-populated\">\n\t\t\t\t\t\t\t\t<div class=\"elementor-element elementor-element-80d6268 elementor-widget-divider--view-line elementor-widget elementor-widget-divider\" data-id=\"80d6268\" data-element_type=\"widget\" data-widget_type=\"divider.default\">\n\t\t\t\t<div class=\"elementor-widget-container\">\n\t\t\t\t\t<div class=\"elementor-divider\">\n\t\t\t<span class=\"elementor-divider-separator\">\n\t\t\t\t\t\t<\/span>\n\t\t<\/div>\n\t\t\t\t<\/div>\n\t\t\t\t<\/div>\n\t\t\t\t\t<\/div>\n\t\t<\/div>\n\t\t\t\t\t\t\t<\/div>\n\t\t<\/section>\n\t\t\t\t<section class=\"elementor-section elementor-top-section elementor-element elementor-element-fac971d elementor-section-boxed elementor-section-height-default elementor-section-height-default elementor-invisible\" data-id=\"fac971d\" data-element_type=\"section\" data-settings=\"{&quot;background_background&quot;:&quot;classic&quot;,&quot;animation&quot;:&quot;fadeInLeft&quot;}\">\n\t\t\t\t\t\t<div class=\"elementor-container elementor-column-gap-default\">\n\t\t\t\t\t<div class=\"elementor-column elementor-col-50 elementor-top-column elementor-element elementor-element-7ded522\" data-id=\"7ded522\" data-element_type=\"column\">\n\t\t\t<div class=\"elementor-widget-wrap elementor-element-populated\">\n\t\t\t\t\t\t\t\t<div class=\"elementor-element elementor-element-37f40f6 elementor-hidden-phone elementor-widget elementor-widget-image\" data-id=\"37f40f6\" data-element_type=\"widget\" data-widget_type=\"image.default\">\n\t\t\t\t<div class=\"elementor-widget-container\">\n\t\t\t\t\t\t\t\t\t\t\t\t\t\t\t<img width=\"1024\" height=\"768\" src=\"https:\/\/www.actioncreativinvestissement.fr\/wp-content\/uploads\/2021\/06\/aci_formapics-1-1.png\" class=\"attachment-large size-large\" alt=\"\" loading=\"lazy\" srcset=\"https:\/\/www.actioncreativinvestissement.fr\/wp-content\/uploads\/2021\/06\/aci_formapics-1-1.png 1024w, https:\/\/www.actioncreativinvestissement.fr\/wp-content\/uploads\/2021\/06\/aci_formapics-1-1-300x225.png 300w, https:\/\/www.actioncreativinvestissement.fr\/wp-content\/uploads\/2021\/06\/aci_formapics-1-1-768x576.png 768w\" sizes=\"(max-width: 1024px) 100vw, 1024px\" \/>\t\t\t\t\t\t\t\t\t\t\t\t\t\t\t<\/div>\n\t\t\t\t<\/div>\n\t\t\t\t\t<\/div>\n\t\t<\/div>\n\t\t\t\t<div class=\"elementor-column elementor-col-50 elementor-top-column elementor-element elementor-element-0969e88\" data-id=\"0969e88\" data-element_type=\"column\">\n\t\t\t<div class=\"elementor-widget-wrap elementor-element-populated\">\n\t\t\t\t\t\t\t\t<div class=\"elementor-element elementor-element-76ff909 elementor-widget elementor-widget-spacer\" data-id=\"76ff909\" data-element_type=\"widget\" data-widget_type=\"spacer.default\">\n\t\t\t\t<div class=\"elementor-widget-container\">\n\t\t\t\t\t<div class=\"elementor-spacer\">\n\t\t\t<div class=\"elementor-spacer-inner\"><\/div>\n\t\t<\/div>\n\t\t\t\t<\/div>\n\t\t\t\t<\/div>\n\t\t\t\t<div class=\"elementor-element elementor-element-8c739fc elementor-widget elementor-widget-heading\" data-id=\"8c739fc\" data-element_type=\"widget\" data-widget_type=\"heading.default\">\n\t\t\t\t<div class=\"elementor-widget-container\">\n\t\t\t<h3 class=\"elementor-heading-title elementor-size-default\">Filiale FORMATION DES formateurs <\/h3>\t\t<\/div>\n\t\t\t\t<\/div>\n\t\t\t\t<div class=\"elementor-element elementor-element-f36838f elementor-widget elementor-widget-text-editor\" data-id=\"f36838f\" data-element_type=\"widget\" data-widget_type=\"text-editor.default\">\n\t\t\t\t<div class=\"elementor-widget-container\">\n\t\t\t\t\t\t\t\t<p>FORMAPICS est un centre de formation sp\u00e9cialis\u00e9 dans la formation de formateurs en sant\u00e9 et s\u00e9curit\u00e9 au travail. \u00a0Habilit\u00e9 par l\u2019INRS depuis la r\u00e9forme de 2011, cet organisme est compos\u00e9 de plusieurs formateurs de formateurs.<\/p>\t\t\t\t\t\t<\/div>\n\t\t\t\t<\/div>\n\t\t\t\t<div class=\"elementor-element elementor-element-14f5403 elementor-align-left elementor-mobile-align-center elementor-widget elementor-widget-button\" data-id=\"14f5403\" data-element_type=\"widget\" data-widget_type=\"button.default\">\n\t\t\t\t<div class=\"elementor-widget-container\">\n\t\t\t\t\t<div class=\"elementor-button-wrapper\">\n\t\t\t<a href=\"https:\/\/www.formapics.fr\/\" target=\"_blank\" class=\"elementor-button-link elementor-button elementor-size-sm\" role=\"button\">\n\t\t\t\t\t\t<span class=\"elementor-button-content-wrapper\">\n\t\t\t\t\t\t<span class=\"elementor-button-text\">En savoir plus<\/span>\n\t\t<\/span>\n\t\t\t\t\t<\/a>\n\t\t<\/div>\n\t\t\t\t<\/div>\n\t\t\t\t<\/div>\n\t\t\t\t\t<\/div>\n\t\t<\/div>\n\t\t\t\t\t\t\t<\/div>\n\t\t<\/section>\n\t\t\t\t<section class=\"elementor-section elementor-top-section elementor-element elementor-element-cbd9eff elementor-section-boxed elementor-section-height-default elementor-section-height-default\" data-id=\"cbd9eff\" data-element_type=\"section\">\n\t\t\t\t\t\t<div class=\"elementor-container elementor-column-gap-default\">\n\t\t\t\t\t<div class=\"elementor-column elementor-col-100 elementor-top-column elementor-element elementor-element-63c622f\" data-id=\"63c622f\" data-element_type=\"column\">\n\t\t\t<div class=\"elementor-widget-wrap elementor-element-populated\">\n\t\t\t\t\t\t\t\t<div class=\"elementor-element elementor-element-4d3735c elementor-widget elementor-widget-spacer\" data-id=\"4d3735c\" data-element_type=\"widget\" data-widget_type=\"spacer.default\">\n\t\t\t\t<div class=\"elementor-widget-container\">\n\t\t\t\t\t<div class=\"elementor-spacer\">\n\t\t\t<div class=\"elementor-spacer-inner\"><\/div>\n\t\t<\/div>\n\t\t\t\t<\/div>\n\t\t\t\t<\/div>\n\t\t\t\t\t<\/div>\n\t\t<\/div>\n\t\t\t\t\t\t\t<\/div>\n\t\t<\/section>\n\t\t\t\t\t\t<\/div>\n\t\t\t\t\t<\/div>\n\t\t","protected":false},"excerpt":{"rendered":"<p>ACI : un outil au service de ses filiales Actuellement, le groupe Action Creativ Investissement poss\u00e8de trois filiales intervenant dans les m\u00e9tiers de l\u2019audit, du conseil aux entreprises ainsi que dans la formation professionnelle continue. Nous avons pour vocation de nous diversifier en accueillant de nouvelles filiales au sein de notre groupe. Filiale historique UP&rsquo;TEAMHOMME&hellip; <br \/> <a class=\"read-more\" href=\"https:\/\/www.actioncreativinvestissement.fr\/index.php\/nos-filiales\/\">Lire la suite<\/a><\/p>\n","protected":false},"author":1,"featured_media":0,"parent":0,"menu_order":0,"comment_status":"closed","ping_status":"closed","template":"","meta":[],"yoast_head":"<!-- This site is optimized with the Yoast SEO plugin v16.4 - https:\/\/yoast.com\/wordpress\/plugins\/seo\/ -->\n<title>NOS FILIALES - ACI<\/title>\n<meta name=\"robots\" content=\"index, follow, max-snippet:-1, max-image-preview:large, max-video-preview:-1\" \/>\n<link rel=\"canonical\" href=\"https:\/\/www.actioncreativinvestissement.fr\/index.php\/nos-filiales\/\" \/>\n<meta property=\"og:locale\" content=\"fr_FR\" \/>\n<meta property=\"og:type\" content=\"article\" \/>\n<meta property=\"og:title\" content=\"NOS FILIALES - ACI\" \/>\n<meta property=\"og:description\" content=\"ACI : un outil au service de ses filiales Actuellement, le groupe Action Creativ Investissement poss\u00e8de trois filiales intervenant dans les m\u00e9tiers de l\u2019audit, du conseil aux entreprises ainsi que dans la formation professionnelle continue. Nous avons pour vocation de nous diversifier en accueillant de nouvelles filiales au sein de notre groupe. Filiale historique UP&rsquo;TEAMHOMME&hellip; Lire la suite\" \/>\n<meta property=\"og:url\" content=\"https:\/\/www.actioncreativinvestissement.fr\/index.php\/nos-filiales\/\" \/>\n<meta property=\"og:site_name\" content=\"ACI\" \/>\n<meta property=\"article:modified_time\" content=\"2021-06-02T12:37:24+00:00\" \/>\n<meta property=\"og:image\" content=\"https:\/\/www.actioncreativinvestissement.fr\/wp-content\/uploads\/2021\/06\/aci_upteamhomme.png\" \/>\n<meta name=\"twitter:card\" content=\"summary_large_image\" \/>\n<meta name=\"twitter:label1\" content=\"Dur\u00e9e de lecture est.\" \/>\n\t<meta name=\"twitter:data1\" content=\"1 minute\" \/>\n<script type=\"application\/ld+json\" class=\"yoast-schema-graph\">{\"@context\":\"https:\/\/schema.org\",\"@graph\":[{\"@type\":\"WebSite\",\"@id\":\"https:\/\/www.actioncreativinvestissement.fr\/#website\",\"url\":\"https:\/\/www.actioncreativinvestissement.fr\/\",\"name\":\"ACI\",\"description\":\"\",\"potentialAction\":[{\"@type\":\"SearchAction\",\"target\":\"https:\/\/www.actioncreativinvestissement.fr\/?s={search_term_string}\",\"query-input\":\"required name=search_term_string\"}],\"inLanguage\":\"fr-FR\"},{\"@type\":\"ImageObject\",\"@id\":\"https:\/\/www.actioncreativinvestissement.fr\/index.php\/nos-filiales\/#primaryimage\",\"inLanguage\":\"fr-FR\",\"url\":\"https:\/\/www.actioncreativinvestissement.fr\/wp-content\/uploads\/2021\/06\/aci_upteamhomme.png\",\"contentUrl\":\"https:\/\/www.actioncreativinvestissement.fr\/wp-content\/uploads\/2021\/06\/aci_upteamhomme.png\",\"width\":1024,\"height\":768},{\"@type\":\"WebPage\",\"@id\":\"https:\/\/www.actioncreativinvestissement.fr\/index.php\/nos-filiales\/#webpage\",\"url\":\"https:\/\/www.actioncreativinvestissement.fr\/index.php\/nos-filiales\/\",\"name\":\"NOS FILIALES - ACI\",\"isPartOf\":{\"@id\":\"https:\/\/www.actioncreativinvestissement.fr\/#website\"},\"primaryImageOfPage\":{\"@id\":\"https:\/\/www.actioncreativinvestissement.fr\/index.php\/nos-filiales\/#primaryimage\"},\"datePublished\":\"2021-06-02T09:46:25+00:00\",\"dateModified\":\"2021-06-02T12:37:24+00:00\",\"breadcrumb\":{\"@id\":\"https:\/\/www.actioncreativinvestissement.fr\/index.php\/nos-filiales\/#breadcrumb\"},\"inLanguage\":\"fr-FR\",\"potentialAction\":[{\"@type\":\"ReadAction\",\"target\":[\"https:\/\/www.actioncreativinvestissement.fr\/index.php\/nos-filiales\/\"]}]},{\"@type\":\"BreadcrumbList\",\"@id\":\"https:\/\/www.actioncreativinvestissement.fr\/index.php\/nos-filiales\/#breadcrumb\",\"itemListElement\":[{\"@type\":\"ListItem\",\"position\":1,\"item\":{\"@type\":\"WebPage\",\"@id\":\"https:\/\/www.actioncreativinvestissement.fr\/\",\"url\":\"https:\/\/www.actioncreativinvestissement.fr\/\",\"name\":\"Accueil\"}},{\"@type\":\"ListItem\",\"position\":2,\"item\":{\"@id\":\"https:\/\/www.actioncreativinvestissement.fr\/index.php\/nos-filiales\/#webpage\"}}]}]}<\/script>\n<!-- \/ Yoast SEO plugin. -->","_links":{"self":[{"href":"https:\/\/www.actioncreativinvestissement.fr\/index.php\/wp-json\/wp\/v2\/pages\/57"}],"collection":[{"href":"https:\/\/www.actioncreativinvestissement.fr\/index.php\/wp-json\/wp\/v2\/pages"}],"about":[{"href":"https:\/\/www.actioncreativinvestissement.fr\/index.php\/wp-json\/wp\/v2\/types\/page"}],"author":[{"embeddable":true,"href":"https:\/\/www.actioncreativinvestissement.fr\/index.php\/wp-json\/wp\/v2\/users\/1"}],"replies":[{"embeddable":true,"href":"https:\/\/www.actioncreativinvestissement.fr\/index.php\/wp-json\/wp\/v2\/comments?post=57"}],"version-history":[{"count":38,"href":"https:\/\/www.actioncreativinvestissement.fr\/index.php\/wp-json\/wp\/v2\/pages\/57\/revisions"}],"predecessor-version":[{"id":145,"href":"https:\/\/www.actioncreativinvestissement.fr\/index.php\/wp-json\/wp\/v2\/pages\/57\/revisions\/145"}],"wp:attachment":[{"href":"https:\/\/www.actioncreativinvestissement.fr\/index.php\/wp-json\/wp\/v2\/media?parent=57"}],"curies":[{"name":"wp","href":"https:\/\/api.w.org\/{rel}","templated":true}]}}